{"id":6,"date":"2023-06-05T10:19:46","date_gmt":"2023-06-05T10:19:46","guid":{"rendered":"https:\/\/pavagegentilevision.com\/fr\/?page_id=6"},"modified":"2024-02-03T10:26:37","modified_gmt":"2024-02-03T10:26:37","slug":"about-us","status":"publish","type":"page","link":"https:\/\/pavagegentilevision.com\/fr\/about-us\/","title":{"rendered":"\u00c0 Propos"},"content":{"rendered":"<p>Sp\u00e9cialis\u00e9 dans l\u2019asphalte, le b\u00e9ton, les all\u00e9es, les cl\u00f4tures, les tremplins, les piscines, les passerelles\u2026<\/p>\n<p>Avec plus de 25 ans d\u2019exp\u00e9rience sur le terrain, bien connu \u00e0 Montr\u00e9al et West Island, et avec de nombreuses r\u00e9f\u00e9rences, Eric Gentile a ma\u00eetris\u00e9 une approche d\u2019ex\u00e9cution visant \u00e0 concr\u00e9tiser une vision, dans la r\u00e9alisation des projets commerciaux ou r\u00e9sidentiels les plus complexes.<\/p>\n<p>Entour\u00e9 d\u2019une \u00e9quipe de professionnels hautement qualifi\u00e9s, il vous offrira la possibilit\u00e9 de concr\u00e9tiser votre propre vision en sugg\u00e9rant une grande vari\u00e9t\u00e9 de choix de pierres et de couleurs pour un environnement parfaitement harmonis\u00e9, offrant ainsi un aspect plus raffin\u00e9 \u00e0 votre bien et valeur par le m\u00eame signe.<\/p>\n","protected":false},"excerpt":{"rendered":"Sp\u00e9cialis\u00e9 dans l\u2019asphalte, le b\u00e9ton, les all\u00e9es, les cl\u00f4tures, les tremplins, les piscines, les passerelles\u2026 Avec plus de 25 ans d\u2019exp\u00e9rience sur le terrain, bien connu \u00e0 Montr\u00e9al et West Island, et avec de nombreuses r\u00e9f\u00e9rences, Eric Gentile a ma\u00eetris\u00e9 une approche d\u2019ex\u00e9cution visant \u00e0 concr\u00e9tiser une vision, dans la r\u00e9alisation des projets commerciaux ou&hellip; <a class=\"more-link\" href=\"https:\/\/pavagegentilevision.com\/fr\/about-us\/\">Continue reading <span class=\"screen-reader-text\">\u00c0 Propos<\/span><\/a>","protected":false},"author":1,"featured_media":112,"parent":0,"menu_order":0,"comment_status":"closed","ping_status":"closed","template":"template\/about-us.php","meta":{"footnotes":""},"class_list":["post-6","page","type-page","status-publish","has-post-thumbnail","hentry","entry"],"acf":[],"yoast_head":"<!-- This site is optimized with the Yoast SEO plugin v21.9.1 - https:\/\/yoast.com\/wordpress\/plugins\/seo\/ -->\n<title>\u00c0 Propos - Montreal Paving Company<\/title>\n<meta name=\"robots\" content=\"index, follow, max-snippet:-1, max-image-preview:large, max-video-preview:-1\" \/>\n<link rel=\"canonical\" href=\"https:\/\/pavagegentilevision.com\/fr\/about-us\/\" \/>\n<meta property=\"og:locale\" content=\"en_US\" \/>\n<meta property=\"og:type\" content=\"article\" \/>\n<meta property=\"og:title\" content=\"\u00c0 Propos - Montreal Paving Company\" \/>\n<meta property=\"og:description\" content=\"Sp\u00e9cialis\u00e9 dans l\u2019asphalte, le b\u00e9ton, les all\u00e9es, les cl\u00f4tures, les tremplins, les piscines, les passerelles\u2026 Avec plus de 25 ans d\u2019exp\u00e9rience sur le terrain, bien connu \u00e0 Montr\u00e9al et West Island, et avec de nombreuses r\u00e9f\u00e9rences, Eric Gentile a ma\u00eetris\u00e9 une approche d\u2019ex\u00e9cution visant \u00e0 concr\u00e9tiser une vision, dans la r\u00e9alisation des projets commerciaux ou&hellip; Continue reading \u00c0 Propos\" \/>\n<meta property=\"og:url\" content=\"https:\/\/pavagegentilevision.com\/fr\/about-us\/\" \/>\n<meta property=\"og:site_name\" content=\"Montreal Paving Company\" \/>\n<meta property=\"article:modified_time\" content=\"2024-02-03T10:26:37+00:00\" \/>\n<meta property=\"og:image\" content=\"https:\/\/pavagegentilevision.com\/fr\/wp-content\/uploads\/2023\/06\/about-title.jpg\" \/>\n\t<meta property=\"og:image:width\" content=\"1920\" \/>\n\t<meta property=\"og:image:height\" content=\"1280\" \/>\n\t<meta property=\"og:image:type\" content=\"image\/jpeg\" \/>\n<meta name=\"twitter:card\" content=\"summary_large_image\" \/>\n<meta name=\"twitter:label1\" content=\"Est. reading time\" \/>\n\t<meta name=\"twitter:data1\" content=\"1 minute\" \/>\n<script type=\"application\/ld+json\" class=\"yoast-schema-graph\">{\"@context\":\"https:\/\/schema.org\",\"@graph\":[{\"@type\":\"WebPage\",\"@id\":\"https:\/\/pavagegentilevision.com\/fr\/about-us\/\",\"url\":\"https:\/\/pavagegentilevision.com\/fr\/about-us\/\",\"name\":\"\u00c0 Propos - Montreal Paving Company\",\"isPartOf\":{\"@id\":\"https:\/\/pavagegentilevision.com\/fr\/#website\"},\"datePublished\":\"2023-06-05T10:19:46+00:00\",\"dateModified\":\"2024-02-03T10:26:37+00:00\",\"breadcrumb\":{\"@id\":\"https:\/\/pavagegentilevision.com\/fr\/about-us\/#breadcrumb\"},\"inLanguage\":\"en-US\",\"potentialAction\":[{\"@type\":\"ReadAction\",\"target\":[\"https:\/\/pavagegentilevision.com\/fr\/about-us\/\"]}]},{\"@type\":\"BreadcrumbList\",\"@id\":\"https:\/\/pavagegentilevision.com\/fr\/about-us\/#breadcrumb\",\"itemListElement\":[{\"@type\":\"ListItem\",\"position\":1,\"name\":\"Home\",\"item\":\"https:\/\/pavagegentilevision.com\/fr\/\"},{\"@type\":\"ListItem\",\"position\":2,\"name\":\"\u00c0 Propos\"}]},{\"@type\":\"WebSite\",\"@id\":\"https:\/\/pavagegentilevision.com\/fr\/#website\",\"url\":\"https:\/\/pavagegentilevision.com\/fr\/\",\"name\":\"Montreal Paving Company\",\"description\":\"\",\"publisher\":{\"@id\":\"https:\/\/pavagegentilevision.com\/fr\/#organization\"},\"potentialAction\":[{\"@type\":\"SearchAction\",\"target\":{\"@type\":\"EntryPoint\",\"urlTemplate\":\"https:\/\/pavagegentilevision.com\/fr\/?s={search_term_string}\"},\"query-input\":\"required name=search_term_string\"}],\"inLanguage\":\"en-US\"},{\"@type\":\"Organization\",\"@id\":\"https:\/\/pavagegentilevision.com\/fr\/#organization\",\"name\":\"Montreal Paving Company\",\"url\":\"https:\/\/pavagegentilevision.com\/fr\/\",\"logo\":{\"@type\":\"ImageObject\",\"inLanguage\":\"en-US\",\"@id\":\"https:\/\/pavagegentilevision.com\/fr\/#\/schema\/logo\/image\/\",\"url\":\"https:\/\/pavagegentilevision.com\/fr\/wp-content\/uploads\/2023\/06\/logo-3.png\",\"contentUrl\":\"https:\/\/pavagegentilevision.com\/fr\/wp-content\/uploads\/2023\/06\/logo-3.png\",\"width\":360,\"height\":157,\"caption\":\"Montreal Paving Company\"},\"image\":{\"@id\":\"https:\/\/pavagegentilevision.com\/fr\/#\/schema\/logo\/image\/\"}}]}<\/script>\n<!-- \/ Yoast SEO plugin. -->","yoast_head_json":{"title":"\u00c0 Propos - Montreal Paving Company","robots":{"index":"index","follow":"follow","max-snippet":"max-snippet:-1","max-image-preview":"max-image-preview:large","max-video-preview":"max-video-preview:-1"},"canonical":"https:\/\/pavagegentilevision.com\/fr\/about-us\/","og_locale":"en_US","og_type":"article","og_title":"\u00c0 Propos - Montreal Paving Company","og_description":"Sp\u00e9cialis\u00e9 dans l\u2019asphalte, le b\u00e9ton, les all\u00e9es, les cl\u00f4tures, les tremplins, les piscines, les passerelles\u2026 Avec plus de 25 ans d\u2019exp\u00e9rience sur le terrain, bien connu \u00e0 Montr\u00e9al et West Island, et avec de nombreuses r\u00e9f\u00e9rences, Eric Gentile a ma\u00eetris\u00e9 une approche d\u2019ex\u00e9cution visant \u00e0 concr\u00e9tiser une vision, dans la r\u00e9alisation des projets commerciaux ou&hellip; Continue reading \u00c0 Propos","og_url":"https:\/\/pavagegentilevision.com\/fr\/about-us\/","og_site_name":"Montreal Paving Company","article_modified_time":"2024-02-03T10:26:37+00:00","og_image":[{"width":1920,"height":1280,"url":"https:\/\/pavagegentilevision.com\/fr\/wp-content\/uploads\/2023\/06\/about-title.jpg","type":"image\/jpeg"}],"twitter_card":"summary_large_image","twitter_misc":{"Est. reading time":"1 minute"},"schema":{"@context":"https:\/\/schema.org","@graph":[{"@type":"WebPage","@id":"https:\/\/pavagegentilevision.com\/fr\/about-us\/","url":"https:\/\/pavagegentilevision.com\/fr\/about-us\/","name":"\u00c0 Propos - Montreal Paving Company","isPartOf":{"@id":"https:\/\/pavagegentilevision.com\/fr\/#website"},"datePublished":"2023-06-05T10:19:46+00:00","dateModified":"2024-02-03T10:26:37+00:00","breadcrumb":{"@id":"https:\/\/pavagegentilevision.com\/fr\/about-us\/#breadcrumb"},"inLanguage":"en-US","potentialAction":[{"@type":"ReadAction","target":["https:\/\/pavagegentilevision.com\/fr\/about-us\/"]}]},{"@type":"BreadcrumbList","@id":"https:\/\/pavagegentilevision.com\/fr\/about-us\/#breadcrumb","itemListElement":[{"@type":"ListItem","position":1,"name":"Home","item":"https:\/\/pavagegentilevision.com\/fr\/"},{"@type":"ListItem","position":2,"name":"\u00c0 Propos"}]},{"@type":"WebSite","@id":"https:\/\/pavagegentilevision.com\/fr\/#website","url":"https:\/\/pavagegentilevision.com\/fr\/","name":"Montreal Paving Company","description":"","publisher":{"@id":"https:\/\/pavagegentilevision.com\/fr\/#organization"},"potentialAction":[{"@type":"SearchAction","target":{"@type":"EntryPoint","urlTemplate":"https:\/\/pavagegentilevision.com\/fr\/?s={search_term_string}"},"query-input":"required name=search_term_string"}],"inLanguage":"en-US"},{"@type":"Organization","@id":"https:\/\/pavagegentilevision.com\/fr\/#organization","name":"Montreal Paving Company","url":"https:\/\/pavagegentilevision.com\/fr\/","logo":{"@type":"ImageObject","inLanguage":"en-US","@id":"https:\/\/pavagegentilevision.com\/fr\/#\/schema\/logo\/image\/","url":"https:\/\/pavagegentilevision.com\/fr\/wp-content\/uploads\/2023\/06\/logo-3.png","contentUrl":"https:\/\/pavagegentilevision.com\/fr\/wp-content\/uploads\/2023\/06\/logo-3.png","width":360,"height":157,"caption":"Montreal Paving Company"},"image":{"@id":"https:\/\/pavagegentilevision.com\/fr\/#\/schema\/logo\/image\/"}}]}},"_links":{"self":[{"href":"https:\/\/pavagegentilevision.com\/fr\/wp-json\/wp\/v2\/pages\/6","targetHints":{"allow":["GET"]}}],"collection":[{"href":"https:\/\/pavagegentilevision.com\/fr\/wp-json\/wp\/v2\/pages"}],"about":[{"href":"https:\/\/pavagegentilevision.com\/fr\/wp-json\/wp\/v2\/types\/page"}],"author":[{"embeddable":true,"href":"https:\/\/pavagegentilevision.com\/fr\/wp-json\/wp\/v2\/users\/1"}],"replies":[{"embeddable":true,"href":"https:\/\/pavagegentilevision.com\/fr\/wp-json\/wp\/v2\/comments?post=6"}],"version-history":[{"count":13,"href":"https:\/\/pavagegentilevision.com\/fr\/wp-json\/wp\/v2\/pages\/6\/revisions"}],"predecessor-version":[{"id":706,"href":"https:\/\/pavagegentilevision.com\/fr\/wp-json\/wp\/v2\/pages\/6\/revisions\/706"}],"wp:featuredmedia":[{"embeddable":true,"href":"https:\/\/pavagegentilevision.com\/fr\/wp-json\/wp\/v2\/media\/112"}],"wp:attachment":[{"href":"https:\/\/pavagegentilevision.com\/fr\/wp-json\/wp\/v2\/media?parent=6"}],"curies":[{"name":"wp","href":"https:\/\/api.w.org\/{rel}","templated":true}]}}